{"id":236,"date":"2022-06-15T21:29:45","date_gmt":"2022-06-15T19:29:45","guid":{"rendered":"https:\/\/perspectivation.com\/?page_id=236"},"modified":"2022-06-15T21:29:45","modified_gmt":"2022-06-15T19:29:45","slug":"legal-notice","status":"publish","type":"page","link":"https:\/\/perspectivation.com\/en\/legal-notice\/","title":{"rendered":"Legal notice"},"content":{"rendered":"<h1><strong>Legal notice<\/strong><\/h1>\n<h2><strong>Responsible for the content<\/strong><\/h2>\n<p>Perspectivation Caroline Schumacher-Martin<br \/>\nNettenbergweg 22<br \/>\n4146 Hochwald (Shweiz)<\/p>\n<p>+41 79 665 16 15<br \/>\ncsm@perspectivation.com<\/p>\n<p>CHE-149.416.394<br \/>\n<!--\n\n<h2><strong>Haftungsausschluss<\/strong><\/h2>\n\n\nDie Einzelfirma Perspectivation Caroline Schumacher-Martin ist bem\u00fcht ihr Angebot stets aktuell und inhaltlich richtig sowie vollst\u00e4ndig zu gestalten. Dennoch ist das Auftreten von Fehlern nicht v\u00f6llig auszuschlie\u00dfen. Caroline Schumacher-Martin \u00fcbernimmt, soweit nicht gesetzlich, keine Haftung f\u00fcr die Aktualit\u00e4t, inhaltliche Richtigkeit sowie die Vollst\u00e4ndigkeit der auf ihrer Webseite eingestellten Informationen. Caroline Schumacher-Martin ist nicht f\u00fcr die Inhalte fremder Seiten verantwortlich, die Sie \u00fcber einen Link erreichen. Sie \u00fcbernimmt keine Gew\u00e4hr f\u00fcr die Richtigkeit und Vollst\u00e4ndigkeit der Inhalte und Informationen, die Sie \u00fcber ihre angebotenen Links zu anderen Seiten oder Anbietern erhalten.\n\n\n<h2><strong>Urheberrechtserkl\u00e4rung<\/strong><\/h2>\n\n\nInhalt und Struktur der von Caroline Schumacher-Martin betriebenen Webseite sind urheberrechtlich gesch\u00fctzt. Alle Texte, Bilder, Grafiken, Ton-, Video- und Animationsdateien unterliegen dem Urheberrecht, dem Markenrecht und anderen Gesetzen zum Schutz geistigen Eigentums. Einige Teile enthalten auch Bilder, Grafiken, Ton-, Video- und Animationsdateien, die dem Urheberrecht, dem Markenrecht und den anderen Gesetzen zum Schutz geistigen Eigentums derjenigen unterliegen, die diese zur Verf\u00fcgung gestellt haben. Eine Kopie oder sonstige Nutzung f\u00fcr andere als private Zwecke oder zur Weitergabe, anderweitigen Ver\u00f6ffentlichung, Vervielf\u00e4ltigung und Verbreitung, ob in origin\u00e4rer oder ver\u00e4nderter Form und in jedwedem Medium, oder eine solche Verwendung auf anderen Webseiten ist ohne vorherige ausdr\u00fcckliche schriftliche Zustimmung von Perspectivation Caroline Schumacher-Martin nicht zul\u00e4ssig.--><\/p>\n<h2><strong>Graphic and Design<\/strong><\/h2>\n<p>Jenny Hartmann &amp; Team.<br \/>\nDesign for Print and Web<\/p>\n<p><a href=\"https:\/\/jennyhartmann.ch\" target=\"_blank\" rel=\"noopener\">https:\/\/jennyhartmann.ch<\/a><\/p>\n<h2><strong>Content Support<\/strong><\/h2>\n<p>Textfactory GmbH<br \/>\nNathalie Wechsler-Seibel<\/p>\n<p><a href=\"https:\/\/textfactory.ch\" target=\"_blank\" rel=\"noopener\">https:\/\/textfactory.ch.ch<\/a><\/p>\n<h2><strong>Technical Support<\/strong><\/h2>\n<p>Teachware AG | Inteliza GmbH<br \/>\nMartin Schenk<\/p>\n<p><a href=\"https:\/\/teachware.ch\" target=\"_blank\" rel=\"noopener\">https:\/\/teachware.ch<\/a> | <a href=\"https:\/\/inteliza.ch\" target=\"_blank\" rel=\"noopener\">https:\/\/inteliza.ch<\/a><\/p>\n<p>&nbsp;<\/p>\n<p>\u00a9 Perspectivation Caroline Schumacher-Martin. All rights reserved.<\/p>\n","protected":false},"excerpt":{"rendered":"<p>Legal notice Responsible for the content Perspectivation Caroline Schumacher-Martin Nettenbergweg 22 4146 Hochwald (Shweiz) +41 79 665 16 15 csm@perspectivation.com CHE-149.416.394 Graphic and Design Jenny Hartmann &amp; Team. Design for Print and Web https:\/\/jennyhartmann.ch Content Support Textfactory GmbH Nathalie Wechsler-Seibel https:\/\/textfactory.ch.ch Technical Support Teachware AG | Inteliza GmbH Martin Schenk https:\/\/teachware.ch | https:\/\/inteliza.ch &nbsp; \u00a9 [&#8230;]<\/p>\n<p><a class=\"btn btn-secondary perspectivation-read-more-link\" href=\"https:\/\/perspectivation.com\/en\/legal-notice\/\">Read More&#8230;<\/a><\/p>\n","protected":false},"author":2,"featured_media":0,"parent":0,"menu_order":6,"comment_status":"closed","ping_status":"closed","template":"","meta":{"_acf_changed":false,"footnotes":""},"class_list":["post-236","page","type-page","status-publish","hentry"],"acf":[],"yoast_head":"<!-- This site is optimized with the Yoast SEO plugin v27.4 - https:\/\/yoast.com\/product\/yoast-seo-wordpress\/ -->\n<title>Legal notice - Perspectivation<\/title>\n<meta name=\"robots\" content=\"index, follow, max-snippet:-1, max-image-preview:large, max-video-preview:-1\" \/>\n<link rel=\"canonical\" href=\"https:\/\/perspectivation.com\/en\/legal-notice\/\" \/>\n<meta property=\"og:locale\" content=\"en_US\" \/>\n<meta property=\"og:type\" content=\"article\" \/>\n<meta property=\"og:title\" content=\"Legal notice - Perspectivation\" \/>\n<meta property=\"og:description\" content=\"Legal notice Responsible for the content Perspectivation Caroline Schumacher-Martin Nettenbergweg 22 4146 Hochwald (Shweiz) +41 79 665 16 15 csm@perspectivation.com CHE-149.416.394 Graphic and Design Jenny Hartmann &amp; Team. Design for Print and Web https:\/\/jennyhartmann.ch Content Support Textfactory GmbH Nathalie Wechsler-Seibel https:\/\/textfactory.ch.ch Technical Support Teachware AG | Inteliza GmbH Martin Schenk https:\/\/teachware.ch | https:\/\/inteliza.ch &nbsp; \u00a9 [...]Read More...\" \/>\n<meta property=\"og:url\" content=\"https:\/\/perspectivation.com\/en\/legal-notice\/\" \/>\n<meta property=\"og:site_name\" content=\"Perspectivation\" \/>\n<meta name=\"twitter:card\" content=\"summary_large_image\" \/>\n<script type=\"application\/ld+json\" class=\"yoast-schema-graph\">{\"@context\":\"https:\\\/\\\/schema.org\",\"@graph\":[{\"@type\":\"WebPage\",\"@id\":\"https:\\\/\\\/perspectivation.com\\\/en\\\/legal-notice\\\/\",\"url\":\"https:\\\/\\\/perspectivation.com\\\/en\\\/legal-notice\\\/\",\"name\":\"Legal notice - Perspectivation\",\"isPartOf\":{\"@id\":\"https:\\\/\\\/perspectivation.com\\\/#website\"},\"datePublished\":\"2022-06-15T19:29:45+00:00\",\"breadcrumb\":{\"@id\":\"https:\\\/\\\/perspectivation.com\\\/en\\\/legal-notice\\\/#breadcrumb\"},\"inLanguage\":\"en-US\",\"potentialAction\":[{\"@type\":\"ReadAction\",\"target\":[\"https:\\\/\\\/perspectivation.com\\\/en\\\/legal-notice\\\/\"]}]},{\"@type\":\"BreadcrumbList\",\"@id\":\"https:\\\/\\\/perspectivation.com\\\/en\\\/legal-notice\\\/#breadcrumb\",\"itemListElement\":[{\"@type\":\"ListItem\",\"position\":1,\"name\":\"Startseite\",\"item\":\"https:\\\/\\\/perspectivation.com\\\/en\\\/home\\\/\"},{\"@type\":\"ListItem\",\"position\":2,\"name\":\"Legal notice\"}]},{\"@type\":\"WebSite\",\"@id\":\"https:\\\/\\\/perspectivation.com\\\/#website\",\"url\":\"https:\\\/\\\/perspectivation.com\\\/\",\"name\":\"Perspectivation\",\"description\":\"\",\"potentialAction\":[{\"@type\":\"SearchAction\",\"target\":{\"@type\":\"EntryPoint\",\"urlTemplate\":\"https:\\\/\\\/perspectivation.com\\\/?s={search_term_string}\"},\"query-input\":{\"@type\":\"PropertyValueSpecification\",\"valueRequired\":true,\"valueName\":\"search_term_string\"}}],\"inLanguage\":\"en-US\"}]}<\/script>\n<!-- \/ Yoast SEO plugin. -->","yoast_head_json":{"title":"Legal notice - Perspectivation","robots":{"index":"index","follow":"follow","max-snippet":"max-snippet:-1","max-image-preview":"max-image-preview:large","max-video-preview":"max-video-preview:-1"},"canonical":"https:\/\/perspectivation.com\/en\/legal-notice\/","og_locale":"en_US","og_type":"article","og_title":"Legal notice - Perspectivation","og_description":"Legal notice Responsible for the content Perspectivation Caroline Schumacher-Martin Nettenbergweg 22 4146 Hochwald (Shweiz) +41 79 665 16 15 csm@perspectivation.com CHE-149.416.394 Graphic and Design Jenny Hartmann &amp; Team. Design for Print and Web https:\/\/jennyhartmann.ch Content Support Textfactory GmbH Nathalie Wechsler-Seibel https:\/\/textfactory.ch.ch Technical Support Teachware AG | Inteliza GmbH Martin Schenk https:\/\/teachware.ch | https:\/\/inteliza.ch &nbsp; \u00a9 [...]Read More...","og_url":"https:\/\/perspectivation.com\/en\/legal-notice\/","og_site_name":"Perspectivation","twitter_card":"summary_large_image","schema":{"@context":"https:\/\/schema.org","@graph":[{"@type":"WebPage","@id":"https:\/\/perspectivation.com\/en\/legal-notice\/","url":"https:\/\/perspectivation.com\/en\/legal-notice\/","name":"Legal notice - Perspectivation","isPartOf":{"@id":"https:\/\/perspectivation.com\/#website"},"datePublished":"2022-06-15T19:29:45+00:00","breadcrumb":{"@id":"https:\/\/perspectivation.com\/en\/legal-notice\/#breadcrumb"},"inLanguage":"en-US","potentialAction":[{"@type":"ReadAction","target":["https:\/\/perspectivation.com\/en\/legal-notice\/"]}]},{"@type":"BreadcrumbList","@id":"https:\/\/perspectivation.com\/en\/legal-notice\/#breadcrumb","itemListElement":[{"@type":"ListItem","position":1,"name":"Startseite","item":"https:\/\/perspectivation.com\/en\/home\/"},{"@type":"ListItem","position":2,"name":"Legal notice"}]},{"@type":"WebSite","@id":"https:\/\/perspectivation.com\/#website","url":"https:\/\/perspectivation.com\/","name":"Perspectivation","description":"","potentialAction":[{"@type":"SearchAction","target":{"@type":"EntryPoint","urlTemplate":"https:\/\/perspectivation.com\/?s={search_term_string}"},"query-input":{"@type":"PropertyValueSpecification","valueRequired":true,"valueName":"search_term_string"}}],"inLanguage":"en-US"}]}},"_links":{"self":[{"href":"https:\/\/perspectivation.com\/en\/wp-json\/wp\/v2\/pages\/236","targetHints":{"allow":["GET"]}}],"collection":[{"href":"https:\/\/perspectivation.com\/en\/wp-json\/wp\/v2\/pages"}],"about":[{"href":"https:\/\/perspectivation.com\/en\/wp-json\/wp\/v2\/types\/page"}],"author":[{"embeddable":true,"href":"https:\/\/perspectivation.com\/en\/wp-json\/wp\/v2\/users\/2"}],"replies":[{"embeddable":true,"href":"https:\/\/perspectivation.com\/en\/wp-json\/wp\/v2\/comments?post=236"}],"version-history":[{"count":1,"href":"https:\/\/perspectivation.com\/en\/wp-json\/wp\/v2\/pages\/236\/revisions"}],"predecessor-version":[{"id":237,"href":"https:\/\/perspectivation.com\/en\/wp-json\/wp\/v2\/pages\/236\/revisions\/237"}],"wp:attachment":[{"href":"https:\/\/perspectivation.com\/en\/wp-json\/wp\/v2\/media?parent=236"}],"curies":[{"name":"wp","href":"https:\/\/api.w.org\/{rel}","templated":true}]}}