{"id":228,"date":"2022-06-15T21:25:53","date_gmt":"2022-06-15T19:25:53","guid":{"rendered":"https:\/\/perspectivation.com\/?page_id=228"},"modified":"2022-06-15T21:58:13","modified_gmt":"2022-06-15T19:58:13","slug":"about-me","status":"publish","type":"page","link":"https:\/\/perspectivation.com\/en\/about-me\/","title":{"rendered":"About me"},"content":{"rendered":"<h2 style=\"text-align: center;\"><img loading=\"lazy\" decoding=\"async\" class=\"alignnone size-full wp-image-35\" src=\"https:\/\/perspectivation.com\/\/wp-content\/uploads\/2021\/09\/decor.jpg\" alt=\"\" width=\"80\" height=\"80\" \/><\/h2>\n<h2 style=\"text-align: center;\">Your Coach: Caroline Schumacher-Martin<\/h2>\n<p>Contact with people and the desire to understand and guide them have always been key components of my life. Turning these passions into a career was the first step for me.<\/p>\n<p>I have travelled the globe thanks to my curiosity and inquisitiveness, my desire to learn new things, and my multi-faceted career \u2013 from working in five-star hotels at home and abroad, to holding specialist as well as leading positions in local and global businesses through to providing management consultancy services to multi-national corporations. I have experienced a wide range of different corporate cultures and types of social entities. I have learnt how to interact with all kinds of people, how to recognise their varied needs, and how to advise and guide them.<\/p>\n<p>Over the years I have had to overcome a number of challenges, especially in my professional life. Yet, this active life has taught me a great deal. And I am proud of this. Over the years, I have come to two key realisations. Firstly: I have realised that I am a good generalist with broad expertise. University lecturers, superiors, those close to me, and, more recently, my clients have all told me I have an ability to identify the essentials without being overbearing. My intuition guides me and helps me to focus on the most meaningful aspects. Secondly: I am struck time and again by the potential that resides within every person, by the versatility and infinite flexibility that we carry within ourselves. Unlocking this flexibility, overcoming challenges, developing ourselves \u2013 it is all extremely exciting. I wanted to use my multi-faceted knowledge, my aptitude and my passion for people, this is what ultimately led me to coaching.<\/p>\n<p>Drawing a perfect circle is considered to be one of the great challenges of calligraphy. It is said that the more the artists are in harmony with themselves, the rounder and more perfect the circle will be.<\/p>\n<p>Today, my personal circle is perfect when I interact with someone who applies their talents with joy and ease. This accomplishment benefits the person\u2019s environment and the result of this makes them deeply content and happy. If I have been able to help them with this process, then this makes me happy. <\/p>\n<p>My life is complete thanks to my husband, our son and our dog.<\/p>\n<p>I take inspiration from my daily environment, both professional and private. My home gives me the space to find peace, to gather new ideas and strength, and to constantly look at the world and life from different perspectives.<\/p>\n<p>All in all, in my life I repeatedly see confirmation of how important, beneficial, and infinitely exciting it is to change perspectives and to give myself the opportunity to discover something new from these.<\/p>\n<p>I hope that you, your employees and your teams can also share in this experience.<\/p>\n<\/div>\n<div class=\"slick-slider_outer uk-margin-large\" uk-scrollspy=\"cls: uk-animation-fade; delay: 500\">\n    <div class=\"slick-slider uk-margin-large-left uk-margin-large-right\"  uk-height-match=\"target: > div > div > .slick-slide > .uk-container > span\">\n                        <div>\n                    <div class=\"uk-container uk-container-small uk-text-center uk-text-middle\">\n                        <span class=\"uk-text-lead uk-text-orange\">For me, resilience does not mean going back to my old self, but rather it means having an internal instinct for the best outcomes for myself and acting on this instinct.<\/span>\n                    <\/div>\n                <\/div>\n                        <div>\n                    <div class=\"uk-container uk-container-small uk-text-center uk-text-middle\">\n                        <span class=\"uk-text-lead uk-text-red\">We could all use a coach. Overcoming challenges with a sparring partner and coach brings us much further than we ever believed possible.<\/span>\n                    <\/div>\n                <\/div>\n                        <div>\n                    <div class=\"uk-container uk-container-small uk-text-center uk-text-middle\">\n                        <span class=\"uk-text-lead uk-text-orange\">If everyone can find their internal equilibrium and happiness, then we will all have a more peaceful world.<\/span>\n                    <\/div>\n                <\/div>\n                        <div>\n                    <div class=\"uk-container uk-container-small uk-text-center uk-text-middle\">\n                        <span class=\"uk-text-lead uk-text-blue\">Support helps us progress more quickly.<\/span>\n                    <\/div>\n                <\/div>\n                        <div>\n                    <div class=\"uk-container uk-container-small uk-text-center uk-text-middle\">\n                        <span class=\"uk-text-lead uk-text-green\">It\u2019s not about judging people and leaving everything and everyone behind, but rather it\u2019s about helping each other unconditionally and being there for one another. <\/span>\n                    <\/div>\n                <\/div>\n                        <div>\n                    <div class=\"uk-container uk-container-small uk-text-center uk-text-middle\">\n                        <span class=\"uk-text-lead uk-text-purple\">There are as many different sides to a person as there are facets on a precious stone. The joy that we feel radiates out in all directions and fulfils us.<\/span>\n                    <\/div>\n                <\/div>\n                        <div>\n                    <div class=\"uk-container uk-container-small uk-text-center uk-text-middle\">\n                        <span class=\"uk-text-lead uk-text-green\">Perspectivation is the synergy of perspective and motivation.<\/span>\n                    <\/div>\n                <\/div>\n            <\/div>\n<\/div><div class=\"page_content uk-padding uk-container uk-container-small uk-margin-bottom\" uk-scrollspy=\"cls: uk-animation-slide-bottom-medium; delay: 500\">\n<h2 style=\"text-align: center;\">My professional milestones<\/h2>\n<p><strong>2022<\/strong><br \/>\nQualification as an Enneagram Team Coach<\/p>\n<p><strong>2021<\/strong><br \/>\nQualification as a Systemic Team Coach<\/p>\n<p><strong>2020<\/strong><br \/>\nLaunch of self-employed career<\/p>\n<p><strong>2018\u20132021<br \/>\n<\/strong>Participation in various conferences<\/p>\n<p><strong>2016<\/strong><br \/>\nCertification as an Enneagram Coach<\/p>\n<p><strong>2015<\/strong><br \/>\nCertification as an Associate Certified Coach (ACC) from the International Coaching Federation<\/p>\n<p><strong>2014<\/strong><br \/>\nMembership in the International Coaching Federation<\/p>\n<p><strong>2014<br \/>\n<\/strong>Diploma in Solution-Focused Coaching<\/p>\n<p><strong>2012<br \/>\n<\/strong>Advanced Federal Professional Diploma, graduation as Expert in Organisational Management<\/p>\n<p><strong>2010\u20132020<\/strong><br \/>\nCorporate Development Officer for the City of Basel Cantonal Administration, Member of the Divisional Board<\/p>\n<p><strong>2008\u20132020<br \/>\n<\/strong>Freelance consulting and coaching alongside the other roles<\/p>\n<p><strong>2004\u20132008<br \/>\n<\/strong>Corporate Development Manager at a multinational chemicals company<\/p>\n<p><strong>2000\u20132004<br \/>\n<\/strong>Senior Corporate Consultant, working with banks, insurance companies, logistics firms, the sports and events industry, and for various SMEs<\/p>\n<p><strong>2000<br \/>\n<\/strong>Advanced Federal Professional Diploma in Organisational Consultancy<\/p>\n<p><strong>1996\u20132000<br \/>\n<\/strong>Financing Specialist at a global bank for the hotel, restaurant and tourism sector<\/p>\n<p><strong>1994\u20131995<br \/>\n<\/strong>MBA from the University of Strathclyde, Glasgow, specialising in strategic management<\/p>\n<p><strong>1994<br \/>\n<\/strong>Restaurant Manager in a Swiss five-star hotel<\/p>\n<p><strong>1990\u20131994<\/strong><br \/>\nSales &#038; PR Manager for a Swiss five-star hotel<\/p>\n<p><strong>1990<br \/>\n<\/strong>Diploma in Hotel Management from the \u00c9cole H\u00f4teli\u00e8re Lausanne<\/p>\n<p><strong>1986<\/strong><br \/>\nSwiss baccalaureate with a focus on economics<\/p>\n","protected":false},"excerpt":{"rendered":"<p>Your Coach: Caroline Schumacher-Martin Contact with people and the desire to understand and guide them have always been key components of my life. Turning these passions into a career was the first step for me. I have travelled the globe thanks to my curiosity and inquisitiveness, my desire to learn new things, and my multi-faceted [&#8230;]<\/p>\n<p><a class=\"btn btn-secondary perspectivation-read-more-link\" href=\"https:\/\/perspectivation.com\/en\/about-me\/\">Read More&#8230;<\/a><\/p>\n","protected":false},"author":2,"featured_media":0,"parent":0,"menu_order":2,"comment_status":"closed","ping_status":"closed","template":"page-templates\/page-about.php","meta":{"_acf_changed":false,"footnotes":""},"class_list":["post-228","page","type-page","status-publish","hentry"],"acf":[],"yoast_head":"<!-- This site is optimized with the Yoast SEO plugin v27.4 - https:\/\/yoast.com\/product\/yoast-seo-wordpress\/ -->\n<title>About me - Perspectivation<\/title>\n<meta name=\"robots\" content=\"index, follow, max-snippet:-1, max-image-preview:large, max-video-preview:-1\" \/>\n<link rel=\"canonical\" href=\"https:\/\/perspectivation.com\/en\/about-me\/\" \/>\n<meta property=\"og:locale\" content=\"en_US\" \/>\n<meta property=\"og:type\" content=\"article\" \/>\n<meta property=\"og:title\" content=\"About me - Perspectivation\" \/>\n<meta property=\"og:description\" content=\"Your Coach: Caroline Schumacher-Martin Contact with people and the desire to understand and guide them have always been key components of my life. Turning these passions into a career was the first step for me. I have travelled the globe thanks to my curiosity and inquisitiveness, my desire to learn new things, and my multi-faceted [...]Read More...\" \/>\n<meta property=\"og:url\" content=\"https:\/\/perspectivation.com\/en\/about-me\/\" \/>\n<meta property=\"og:site_name\" content=\"Perspectivation\" \/>\n<meta property=\"article:modified_time\" content=\"2022-06-15T19:58:13+00:00\" \/>\n<meta property=\"og:image\" content=\"https:\/\/perspectivation.com\/\/wp-content\/uploads\/2021\/09\/decor.jpg\" \/>\n<meta name=\"twitter:card\" content=\"summary_large_image\" \/>\n<meta name=\"twitter:label1\" content=\"Est. reading time\" \/>\n\t<meta name=\"twitter:data1\" content=\"3 minutes\" \/>\n<script type=\"application\/ld+json\" class=\"yoast-schema-graph\">{\"@context\":\"https:\\\/\\\/schema.org\",\"@graph\":[{\"@type\":\"WebPage\",\"@id\":\"https:\\\/\\\/perspectivation.com\\\/en\\\/about-me\\\/\",\"url\":\"https:\\\/\\\/perspectivation.com\\\/en\\\/about-me\\\/\",\"name\":\"About me - Perspectivation\",\"isPartOf\":{\"@id\":\"https:\\\/\\\/perspectivation.com\\\/#website\"},\"primaryImageOfPage\":{\"@id\":\"https:\\\/\\\/perspectivation.com\\\/en\\\/about-me\\\/#primaryimage\"},\"image\":{\"@id\":\"https:\\\/\\\/perspectivation.com\\\/en\\\/about-me\\\/#primaryimage\"},\"thumbnailUrl\":\"https:\\\/\\\/perspectivation.com\\\/\\\/wp-content\\\/uploads\\\/2021\\\/09\\\/decor.jpg\",\"datePublished\":\"2022-06-15T19:25:53+00:00\",\"dateModified\":\"2022-06-15T19:58:13+00:00\",\"breadcrumb\":{\"@id\":\"https:\\\/\\\/perspectivation.com\\\/en\\\/about-me\\\/#breadcrumb\"},\"inLanguage\":\"en-US\",\"potentialAction\":[{\"@type\":\"ReadAction\",\"target\":[\"https:\\\/\\\/perspectivation.com\\\/en\\\/about-me\\\/\"]}]},{\"@type\":\"ImageObject\",\"inLanguage\":\"en-US\",\"@id\":\"https:\\\/\\\/perspectivation.com\\\/en\\\/about-me\\\/#primaryimage\",\"url\":\"https:\\\/\\\/perspectivation.com\\\/\\\/wp-content\\\/uploads\\\/2021\\\/09\\\/decor.jpg\",\"contentUrl\":\"https:\\\/\\\/perspectivation.com\\\/\\\/wp-content\\\/uploads\\\/2021\\\/09\\\/decor.jpg\"},{\"@type\":\"BreadcrumbList\",\"@id\":\"https:\\\/\\\/perspectivation.com\\\/en\\\/about-me\\\/#breadcrumb\",\"itemListElement\":[{\"@type\":\"ListItem\",\"position\":1,\"name\":\"Startseite\",\"item\":\"https:\\\/\\\/perspectivation.com\\\/en\\\/home\\\/\"},{\"@type\":\"ListItem\",\"position\":2,\"name\":\"About me\"}]},{\"@type\":\"WebSite\",\"@id\":\"https:\\\/\\\/perspectivation.com\\\/#website\",\"url\":\"https:\\\/\\\/perspectivation.com\\\/\",\"name\":\"Perspectivation\",\"description\":\"\",\"potentialAction\":[{\"@type\":\"SearchAction\",\"target\":{\"@type\":\"EntryPoint\",\"urlTemplate\":\"https:\\\/\\\/perspectivation.com\\\/?s={search_term_string}\"},\"query-input\":{\"@type\":\"PropertyValueSpecification\",\"valueRequired\":true,\"valueName\":\"search_term_string\"}}],\"inLanguage\":\"en-US\"}]}<\/script>\n<!-- \/ Yoast SEO plugin. -->","yoast_head_json":{"title":"About me - Perspectivation","robots":{"index":"index","follow":"follow","max-snippet":"max-snippet:-1","max-image-preview":"max-image-preview:large","max-video-preview":"max-video-preview:-1"},"canonical":"https:\/\/perspectivation.com\/en\/about-me\/","og_locale":"en_US","og_type":"article","og_title":"About me - Perspectivation","og_description":"Your Coach: Caroline Schumacher-Martin Contact with people and the desire to understand and guide them have always been key components of my life. Turning these passions into a career was the first step for me. I have travelled the globe thanks to my curiosity and inquisitiveness, my desire to learn new things, and my multi-faceted [...]Read More...","og_url":"https:\/\/perspectivation.com\/en\/about-me\/","og_site_name":"Perspectivation","article_modified_time":"2022-06-15T19:58:13+00:00","og_image":[{"url":"https:\/\/perspectivation.com\/\/wp-content\/uploads\/2021\/09\/decor.jpg","type":"","width":"","height":""}],"twitter_card":"summary_large_image","twitter_misc":{"Est. reading time":"3 minutes"},"schema":{"@context":"https:\/\/schema.org","@graph":[{"@type":"WebPage","@id":"https:\/\/perspectivation.com\/en\/about-me\/","url":"https:\/\/perspectivation.com\/en\/about-me\/","name":"About me - Perspectivation","isPartOf":{"@id":"https:\/\/perspectivation.com\/#website"},"primaryImageOfPage":{"@id":"https:\/\/perspectivation.com\/en\/about-me\/#primaryimage"},"image":{"@id":"https:\/\/perspectivation.com\/en\/about-me\/#primaryimage"},"thumbnailUrl":"https:\/\/perspectivation.com\/\/wp-content\/uploads\/2021\/09\/decor.jpg","datePublished":"2022-06-15T19:25:53+00:00","dateModified":"2022-06-15T19:58:13+00:00","breadcrumb":{"@id":"https:\/\/perspectivation.com\/en\/about-me\/#breadcrumb"},"inLanguage":"en-US","potentialAction":[{"@type":"ReadAction","target":["https:\/\/perspectivation.com\/en\/about-me\/"]}]},{"@type":"ImageObject","inLanguage":"en-US","@id":"https:\/\/perspectivation.com\/en\/about-me\/#primaryimage","url":"https:\/\/perspectivation.com\/\/wp-content\/uploads\/2021\/09\/decor.jpg","contentUrl":"https:\/\/perspectivation.com\/\/wp-content\/uploads\/2021\/09\/decor.jpg"},{"@type":"BreadcrumbList","@id":"https:\/\/perspectivation.com\/en\/about-me\/#breadcrumb","itemListElement":[{"@type":"ListItem","position":1,"name":"Startseite","item":"https:\/\/perspectivation.com\/en\/home\/"},{"@type":"ListItem","position":2,"name":"About me"}]},{"@type":"WebSite","@id":"https:\/\/perspectivation.com\/#website","url":"https:\/\/perspectivation.com\/","name":"Perspectivation","description":"","potentialAction":[{"@type":"SearchAction","target":{"@type":"EntryPoint","urlTemplate":"https:\/\/perspectivation.com\/?s={search_term_string}"},"query-input":{"@type":"PropertyValueSpecification","valueRequired":true,"valueName":"search_term_string"}}],"inLanguage":"en-US"}]}},"_links":{"self":[{"href":"https:\/\/perspectivation.com\/en\/wp-json\/wp\/v2\/pages\/228","targetHints":{"allow":["GET"]}}],"collection":[{"href":"https:\/\/perspectivation.com\/en\/wp-json\/wp\/v2\/pages"}],"about":[{"href":"https:\/\/perspectivation.com\/en\/wp-json\/wp\/v2\/types\/page"}],"author":[{"embeddable":true,"href":"https:\/\/perspectivation.com\/en\/wp-json\/wp\/v2\/users\/2"}],"replies":[{"embeddable":true,"href":"https:\/\/perspectivation.com\/en\/wp-json\/wp\/v2\/comments?post=228"}],"version-history":[{"count":3,"href":"https:\/\/perspectivation.com\/en\/wp-json\/wp\/v2\/pages\/228\/revisions"}],"predecessor-version":[{"id":241,"href":"https:\/\/perspectivation.com\/en\/wp-json\/wp\/v2\/pages\/228\/revisions\/241"}],"wp:attachment":[{"href":"https:\/\/perspectivation.com\/en\/wp-json\/wp\/v2\/media?parent=228"}],"curies":[{"name":"wp","href":"https:\/\/api.w.org\/{rel}","templated":true}]}}